{"id":2236,"date":"2025-02-02T14:28:58","date_gmt":"2025-02-02T13:28:58","guid":{"rendered":"https:\/\/opre.strani.biz\/?post_type=product&#038;p=2236"},"modified":"2025-09-30T10:52:41","modified_gmt":"2025-09-30T08:52:41","slug":"montirka-cm-550","status":"publish","type":"product","link":"https:\/\/opre.strani.biz\/?product=montirka-cm-550","title":{"rendered":"Montirka CM 550"},"content":{"rendered":"<p><span class=\"Apple-style-span\" style=\"color: #000000;\"><span class=\"Apple-style-span\">CM 550 &#8220;Fully automatic&#8221; montirka pnevmatik o<\/span><\/span><span class=\"Apple-style-span\" style=\"color: #000000;\"><span class=\"Apple-style-span\"><span style=\"color: #000000;\">mogo\u010da delo s plati\u0161\u010di do 1000 mm premera, ki imajo notranje-in zunanje vpenjanje vel. od 12&#8243; do 22&#8243; in 10 &#8220;do 20&#8221;. <\/span><br \/>\nStroj je na voljo z 1 ali 2-stopenjskim motorjem.<\/span><\/span><\/p>\n<table style=\"color: #000000;\" border=\"0\" cellspacing=\"0\">\n<tbody>\n<tr>\n<td align=\"left\" width=\"124\"><span class=\"Apple-style-span\"><span class=\"Apple-style-span\"><span class=\"Apple-style-span\" style=\"color: #000000;\"><span class=\"Apple-style-span\">TEHNI\u010cNI PODATKI<\/span><\/span><\/span><\/span><\/td>\n<td align=\"middle\" width=\"86\"><span class=\"Apple-style-span\" style=\"color: #000000;\"><span class=\"Apple-style-span\"><span class=\"Apple-style-span\" style=\"color: #000000;\"><span class=\"Apple-style-span\">CM 550<\/span><\/span><\/span><\/span><\/td>\n<\/tr>\n<tr>\n<td align=\"left\" bgcolor=\"#e5e5e5\"><span class=\"Apple-style-span\" style=\"color: #000000;\"><span class=\"Apple-style-span\"><span class=\"Apple-style-span\" style=\"color: #000000;\"><span class=\"Apple-style-span\">Max. premer koles<\/span><\/span><\/span><\/span><\/td>\n<td align=\"middle\" bgcolor=\"#e5e5e5\"><span class=\"Apple-style-span\" style=\"color: #000000;\"><span class=\"Apple-style-span\"><span class=\"Apple-style-span\" style=\"color: #000000;\"><span class=\"Apple-style-span\">1000 mm<\/span><\/span><\/span><\/span><\/td>\n<\/tr>\n<tr>\n<td align=\"left\"><span class=\"Apple-style-span\" style=\"color: #000000;\"><span class=\"Apple-style-span\"><span class=\"Apple-style-span\" style=\"color: #000000;\"><span class=\"Apple-style-span\">Max. kolo \u0161irine<\/span><\/span><\/span><\/span><\/td>\n<td align=\"middle\"><span class=\"Apple-style-span\" style=\"color: #000000;\"><span class=\"Apple-style-span\"><span class=\"Apple-style-span\" style=\"color: #000000;\"><span class=\"Apple-style-span\">390 mm<\/span><\/span><\/span><\/span><\/td>\n<\/tr>\n<tr>\n<td align=\"left\" bgcolor=\"#e5e5e5\"><span class=\"Apple-style-span\" style=\"color: #000000;\"><span class=\"Apple-style-span\"><span class=\"Apple-style-span\" style=\"color: #000000;\"><span class=\"Apple-style-span\">Inside zmogljivosti koko\u0161ka<\/span><\/span><\/span><\/span><\/td>\n<td align=\"middle\" bgcolor=\"#e5e5e5\"><span class=\"Apple-style-span\" style=\"color: #000000;\"><span class=\"Apple-style-span\"><span class=\"Apple-style-span\" style=\"color: #000000;\"><span class=\"Apple-style-span\">13 &#8220;- 23&#8221;<\/span><\/span><\/span><\/span><\/td>\n<\/tr>\n<tr>\n<td align=\"left\" bgcolor=\"#ffffff\"><span class=\"Apple-style-span\" style=\"color: #000000;\"><span class=\"Apple-style-span\"><span class=\"Apple-style-span\" style=\"color: #000000;\"><span class=\"Apple-style-span\">Zunaj Chuck zmogljivosti<\/span><\/span><\/span><\/span><\/td>\n<td align=\"middle\" bgcolor=\"#ffffff\"><span class=\"Apple-style-span\" style=\"color: #000000;\"><span class=\"Apple-style-span\"><span class=\"Apple-style-span\" style=\"color: #000000;\"><span class=\"Apple-style-span\">11 &#8220;- 21&#8221;<\/span><\/span><\/span><\/span><\/td>\n<\/tr>\n<tr>\n<td align=\"left\" bgcolor=\"#e5e5e5\"><span class=\"Apple-style-span\" style=\"color: #000000;\"><span class=\"Apple-style-span\"><span class=\"Apple-style-span\" style=\"color: #000000;\"><span class=\"Apple-style-span\">Napajanje<\/span><\/span><\/span><\/span><\/td>\n<td align=\"middle\" bgcolor=\"#e5e5e5\"><span class=\"Apple-style-span\" style=\"color: #000000;\"><span class=\"Apple-style-span\"><span class=\"Apple-style-span\" style=\"color: #000000;\"><span class=\"Apple-style-span\">230\/400V &#8211; 3ph<\/span><\/span><\/span><\/span><\/td>\n<\/tr>\n<tr>\n<td align=\"left\" bgcolor=\"#ffffff\"><span class=\"Apple-style-span\" style=\"color: #000000;\"><span class=\"Apple-style-span\"><span class=\"Apple-style-span\" style=\"color: #000000;\"><span class=\"Apple-style-span\">Delovni tlak<\/span><\/span><\/span><\/span><\/td>\n<td align=\"middle\" bgcolor=\"#ffffff\"><span class=\"Apple-style-span\" style=\"color: #000000;\"><span class=\"Apple-style-span\"><span class=\"Apple-style-span\" style=\"color: #000000;\"><span class=\"Apple-style-span\">8-10 bar<\/span><\/span><\/span><\/span><\/td>\n<\/tr>\n<tr>\n<td align=\"left\" bgcolor=\"#e5e5e5\"><span class=\"Apple-style-span\" style=\"color: #000000;\"><span class=\"Apple-style-span\"><span class=\"Apple-style-span\" style=\"color: #000000;\"><span class=\"Apple-style-span\">Noga breaker mo\u010d<\/span><\/span><\/span><\/span><\/td>\n<td align=\"middle\" bgcolor=\"#e5e5e5\"><span class=\"Apple-style-span\" style=\"color: #000000;\"><span class=\"Apple-style-span\"><span class=\"Apple-style-span\" style=\"color: #000000;\"><span class=\"Apple-style-span\">2500 kg<\/span><\/span><\/span><\/span><\/td>\n<\/tr>\n<tr>\n<td align=\"left\" bgcolor=\"#ffffff\"><span class=\"Apple-style-span\" style=\"color: #000000;\"><span class=\"Apple-style-span\"><span class=\"Apple-style-span\" style=\"color: #000000;\"><span class=\"Apple-style-span\">Kapljica breaker max. odpiranje<\/span><\/span><\/span><\/span><\/td>\n<td align=\"middle\" bgcolor=\"#ffffff\"><span class=\"Apple-style-span\" style=\"color: #000000;\"><span class=\"Apple-style-span\"><span class=\"Apple-style-span\" style=\"color: #000000;\"><span class=\"Apple-style-span\">415 mm<\/span><\/span><\/span><\/span><\/td>\n<\/tr>\n<tr>\n<td align=\"left\" bgcolor=\"#e5e5e5\"><span class=\"Apple-style-span\" style=\"color: #000000;\"><span class=\"Apple-style-span\"><span class=\"Apple-style-span\" style=\"color: #000000;\"><span class=\"Apple-style-span\">2-hitrosti motorja<\/span><\/span><\/span><\/span><\/td>\n<td align=\"middle\" bgcolor=\"#e5e5e5\"><span class=\"Apple-style-span\" style=\"color: #000000;\"><span class=\"Apple-style-span\"><span class=\"Apple-style-span\" style=\"color: #000000;\"><span class=\"Apple-style-span\">0,75 &#8211; 1,5 Hp<\/span><\/span><\/span><\/span><\/td>\n<\/tr>\n<\/tbody>\n<\/table>\n","protected":false},"excerpt":{"rendered":"<p>Montirka Cormach CM 550<\/p>\n","protected":false},"featured_media":2237,"comment_status":"open","ping_status":"closed","template":"","meta":[],"product_brand":[86],"product_cat":[224,61],"product_tag":[66,81,80],"class_list":{"0":"post-2236","1":"product","2":"type-product","3":"status-publish","4":"has-post-thumbnail","6":"product_brand-cormach-2","7":"product_cat-avtomatske","8":"product_cat-montirka","9":"product_tag-cormach","10":"product_tag-montirka","11":"product_tag-montirni-stroj","13":"first","14":"instock","15":"taxable","16":"shipping-taxable","17":"purchasable","18":"product-type-simple"},"_links":{"self":[{"href":"https:\/\/opre.strani.biz\/index.php?rest_route=\/wp\/v2\/product\/2236","targetHints":{"allow":["GET"]}}],"collection":[{"href":"https:\/\/opre.strani.biz\/index.php?rest_route=\/wp\/v2\/product"}],"about":[{"href":"https:\/\/opre.strani.biz\/index.php?rest_route=\/wp\/v2\/types\/product"}],"replies":[{"embeddable":true,"href":"https:\/\/opre.strani.biz\/index.php?rest_route=%2Fwp%2Fv2%2Fcomments&post=2236"}],"version-history":[{"count":0,"href":"https:\/\/opre.strani.biz\/index.php?rest_route=\/wp\/v2\/product\/2236\/revisions"}],"wp:featuredmedia":[{"embeddable":true,"href":"https:\/\/opre.strani.biz\/index.php?rest_route=\/wp\/v2\/media\/2237"}],"wp:attachment":[{"href":"https:\/\/opre.strani.biz\/index.php?rest_route=%2Fwp%2Fv2%2Fmedia&parent=2236"}],"wp:term":[{"taxonomy":"product_brand","embeddable":true,"href":"https:\/\/opre.strani.biz\/index.php?rest_route=%2Fwp%2Fv2%2Fproduct_brand&post=2236"},{"taxonomy":"product_cat","embeddable":true,"href":"https:\/\/opre.strani.biz\/index.php?rest_route=%2Fwp%2Fv2%2Fproduct_cat&post=2236"},{"taxonomy":"product_tag","embeddable":true,"href":"https:\/\/opre.strani.biz\/index.php?rest_route=%2Fwp%2Fv2%2Fproduct_tag&post=2236"}],"curies":[{"name":"wp","href":"https:\/\/api.w.org\/{rel}","templated":true}]}}