{"id":2242,"date":"2025-02-02T14:29:00","date_gmt":"2025-02-02T13:29:00","guid":{"rendered":"https:\/\/opre.strani.biz\/?post_type=product&#038;p=2242"},"modified":"2025-09-07T02:54:43","modified_gmt":"2025-09-07T00:54:43","slug":"montirka-lion","status":"publish","type":"product","link":"https:\/\/opre.strani.biz\/?product=montirka-lion","title":{"rendered":"Montirka LION"},"content":{"rendered":"<p style=\"color: #000000;\"><span class=\"Apple-style-span\"><span class=\"Apple-style-span\">LION &#8211; Nova generacija super avtomatske montirke pnevmatik za monta\u017eo in demonta\u017eo pnevmatik brez uporabe tradicionalne ro\u010dice zagotavlja manj truda! Podpira plati\u0161\u010da do 1205 mm premera z vpenjalno zmogljivostjo od 10&#8243; do 34&#8243;. Optimizirana za monta\u017eo nizkoprofilnih pnevmatik ter Run Flat pnevmatik. Kolo se samodejno dviguje do vpenjalnega kosa s pomo\u010djo pnevmatskega sistema za dviganje. <\/span><\/span><\/p>\n<table style=\"color: #000000;\" border=\"0\" cellspacing=\"0\">\n<tbody>\n<tr>\n<td align=\"left\" width=\"86\" height=\"17\"><span class=\"Apple-style-span\"><span class=\"Apple-style-span\"><span class=\"Apple-style-span\" style=\"color: #000000;\"><span class=\"Apple-style-span\">TEHNI\u010cNI PODATKI<\/span><\/span><\/span><\/span><\/td>\n<td align=\"middle\" width=\"86\"><span class=\"Apple-style-span\" style=\"color: #000000;\"><span class=\"Apple-style-span\"><span class=\"Apple-style-span\" style=\"color: #000000;\"><span class=\"Apple-style-span\">LION<\/span><\/span><\/span><\/span><\/td>\n<\/tr>\n<tr>\n<td align=\"left\" bgcolor=\"#e5e5e5\" height=\"18\"><span class=\"Apple-style-span\" style=\"color: #000000;\"><span class=\"Apple-style-span\"><span class=\"Apple-style-span\" style=\"color: #000000;\"><span class=\"Apple-style-span\">Max.<span class=\"Apple-converted-space\"> <\/span>premer koles<\/span><\/span><\/span><\/span><\/td>\n<td align=\"middle\" bgcolor=\"#e5e5e5\"><span class=\"Apple-style-span\" style=\"color: #000000;\"><span class=\"Apple-style-span\"><span class=\"Apple-style-span\" style=\"color: #000000;\"><span class=\"Apple-style-span\">1205 mm (47 &#8220;)<\/span><\/span><\/span><\/span><\/td>\n<\/tr>\n<tr>\n<td align=\"left\" height=\"18\"><span class=\"Apple-style-span\" style=\"color: #000000;\"><span class=\"Apple-style-span\"><span class=\"Apple-style-span\" style=\"color: #000000;\"><span class=\"Apple-style-span\">Max.<span class=\"Apple-converted-space\"> <\/span>kolo \u0161irine<\/span><\/span><\/span><\/span><\/td>\n<td align=\"middle\"><span class=\"Apple-style-span\" style=\"color: #000000;\"><span class=\"Apple-style-span\"><span class=\"Apple-style-span\" style=\"color: #000000;\"><span class=\"Apple-style-span\">410 mm (16 &#8220;)<\/span><\/span><\/span><\/span><\/td>\n<\/tr>\n<tr>\n<td align=\"left\" bgcolor=\"#e5e5e5\" height=\"18\"><span class=\"Apple-style-span\" style=\"color: #000000;\"><span class=\"Apple-style-span\"><span class=\"Apple-style-span\" style=\"color: #000000;\"><span class=\"Apple-style-span\">Chuck zmogljivosti<\/span><\/span><\/span><\/span><\/td>\n<td align=\"middle\" bgcolor=\"#e5e5e5\"><span class=\"Apple-style-span\" style=\"color: #000000;\"><span class=\"Apple-style-span\"><span class=\"Apple-style-span\" style=\"color: #000000;\"><span class=\"Apple-style-span\">10 &#8220;- 34&#8221;<\/span><\/span><\/span><\/span><\/td>\n<\/tr>\n<tr>\n<td align=\"left\" bgcolor=\"#ffffff\" height=\"18\"><span class=\"Apple-style-span\" style=\"color: #000000;\"><span class=\"Apple-style-span\"><span class=\"Apple-style-span\" style=\"color: #000000;\"><span class=\"Apple-style-span\">Napajanje<\/span><\/span><\/span><\/span><\/td>\n<td align=\"middle\" bgcolor=\"#ffffff\"><span class=\"Apple-style-span\" style=\"color: #000000;\"><span class=\"Apple-style-span\"><span class=\"Apple-style-span\" style=\"color: #000000;\"><span class=\"Apple-style-span\">230\/400 &#8211; 3ph<\/span><\/span><\/span><\/span><\/td>\n<\/tr>\n<tr>\n<td align=\"left\" bgcolor=\"#e5e5e5\" height=\"34\"><span class=\"Apple-style-span\" style=\"color: #000000;\"><span class=\"Apple-style-span\"><span class=\"Apple-style-span\" style=\"color: #000000;\"><span class=\"Apple-style-span\">Delovni tlak<\/span><\/span><\/span><\/span><\/td>\n<td align=\"middle\" bgcolor=\"#e5e5e5\"><span class=\"Apple-style-span\" style=\"color: #000000;\"><span class=\"Apple-style-span\"><span class=\"Apple-style-span\" style=\"color: #000000;\"><span class=\"Apple-style-span\">8 -10 bar<\/span><\/span><\/span><\/span><\/td>\n<\/tr>\n<tr>\n<td align=\"left\" bgcolor=\"#ffffff\" height=\"17\"><span class=\"Apple-style-span\" style=\"color: #000000;\"><span class=\"Apple-style-span\"><span class=\"Apple-style-span\" style=\"color: #000000;\"><span class=\"Apple-style-span\">Noga breaker mo\u010di na valj<\/span><\/span><\/span><\/span><\/td>\n<td align=\"middle\" bgcolor=\"#ffffff\"><span class=\"Apple-style-span\" style=\"color: #000000;\"><span class=\"Apple-style-span\"><span class=\"Apple-style-span\" style=\"color: #000000;\"><span class=\"Apple-style-span\">1470 Kg<\/span><\/span><\/span><\/span><\/td>\n<\/tr>\n<tr>\n<td align=\"left\" bgcolor=\"#e5e5e5\" height=\"18\"><span class=\"Apple-style-span\" style=\"color: #000000;\"><span class=\"Apple-style-span\"><span class=\"Apple-style-span\" style=\"color: #000000;\"><span class=\"Apple-style-span\">Max.<span class=\"Apple-converted-space\"> <\/span>vretena navora<\/span><\/span><\/span><\/span><\/td>\n<td align=\"middle\" bgcolor=\"#e5e5e5\"><span class=\"Apple-style-span\" style=\"color: #000000;\"><span class=\"Apple-style-span\"><span class=\"Apple-style-span\" style=\"color: #000000;\"><span class=\"Apple-style-span\">1200 Nm<\/span><\/span><\/span><\/span><\/td>\n<\/tr>\n<tr>\n<td align=\"left\" bgcolor=\"#ffffff\" height=\"18\"><span class=\"Apple-style-span\" style=\"color: #000000;\"><span class=\"Apple-style-span\"><span class=\"Apple-style-span\" style=\"color: #000000;\"><span class=\"Apple-style-span\">Dvi\u017eni zmogljivosti sistema<\/span><\/span><\/span><\/span><\/td>\n<td align=\"middle\" bgcolor=\"#ffffff\"><span class=\"Apple-style-span\" style=\"color: #000000;\"><span class=\"Apple-style-span\"><span class=\"Apple-style-span\" style=\"color: #000000;\"><span class=\"Apple-style-span\">80 kg<\/span><\/span><\/span><\/span><\/td>\n<\/tr>\n<tr>\n<td align=\"left\" bgcolor=\"#e5e5e5\" height=\"34\"><span class=\"Apple-style-span\" style=\"color: #000000;\"><span class=\"Apple-style-span\"><span class=\"Apple-style-span\" style=\"color: #000000;\"><span class=\"Apple-style-span\">2-hitrosti motorja<\/span><\/span><\/span><\/span><\/td>\n<td align=\"middle\" bgcolor=\"#e5e5e5\"><span class=\"Apple-style-span\" style=\"color: #000000;\"><span class=\"Apple-style-span\"><span class=\"Apple-style-span\" style=\"color: #000000;\"><span class=\"Apple-style-span\">1,1 &#8211; 1,5 Hp<\/span><\/span><\/span><\/span><\/td>\n<\/tr>\n<tr>\n<td align=\"left\" bgcolor=\"#ffffff\" height=\"34\"><span class=\"Apple-style-span\" style=\"color: #000000;\"><span class=\"Apple-style-span\"><span class=\"Apple-style-span\" style=\"color: #000000;\"><span class=\"Apple-style-span\">Self-centriranje vrtljajev<\/span><\/span><\/span><\/span><\/td>\n<td align=\"middle\" bgcolor=\"#ffffff\"><span class=\"Apple-style-span\" style=\"color: #000000;\"><span class=\"Apple-style-span\"><span class=\"Apple-style-span\" style=\"color: #000000;\"><span class=\"Apple-style-span\">7-14 vrt \/ min<\/span><\/span><\/span><\/span><\/td>\n<\/tr>\n<tr>\n<td align=\"left\" bgcolor=\"#e5e5e5\" height=\"34\"><span class=\"Apple-style-span\" style=\"color: #000000;\"><span class=\"Apple-style-span\"><span class=\"Apple-style-span\" style=\"color: #000000;\"><span class=\"Apple-style-span\">Neto te\u017ea<\/span><\/span><\/span><\/span><\/td>\n<td align=\"middle\" bgcolor=\"#e5e5e5\"><span class=\"Apple-style-span\" style=\"color: #000000;\"><span class=\"Apple-style-span\"><span class=\"Apple-style-span\" style=\"color: #000000;\"><span class=\"Apple-style-span\">515 kg<\/span><\/span><\/span><\/span><\/td>\n<\/tr>\n<\/tbody>\n<\/table>\n<p><span class=\"Apple-style-span\"><span class=\"Apple-style-span\"> <\/span><\/span><\/p>\n","protected":false},"excerpt":{"rendered":"<p>Montirni stroj Cormach LION<\/p>\n","protected":false},"featured_media":2243,"comment_status":"open","ping_status":"closed","template":"","meta":[],"product_brand":[86],"product_cat":[227],"product_tag":[66,81,80],"class_list":{"0":"post-2242","1":"product","2":"type-product","3":"status-publish","4":"has-post-thumbnail","6":"product_brand-cormach-2","7":"product_cat-polavtomatske-osebni-program","8":"product_tag-cormach","9":"product_tag-montirka","10":"product_tag-montirni-stroj","12":"first","13":"instock","14":"taxable","15":"shipping-taxable","16":"purchasable","17":"product-type-simple"},"_links":{"self":[{"href":"https:\/\/opre.strani.biz\/index.php?rest_route=\/wp\/v2\/product\/2242","targetHints":{"allow":["GET"]}}],"collection":[{"href":"https:\/\/opre.strani.biz\/index.php?rest_route=\/wp\/v2\/product"}],"about":[{"href":"https:\/\/opre.strani.biz\/index.php?rest_route=\/wp\/v2\/types\/product"}],"replies":[{"embeddable":true,"href":"https:\/\/opre.strani.biz\/index.php?rest_route=%2Fwp%2Fv2%2Fcomments&post=2242"}],"version-history":[{"count":0,"href":"https:\/\/opre.strani.biz\/index.php?rest_route=\/wp\/v2\/product\/2242\/revisions"}],"wp:featuredmedia":[{"embeddable":true,"href":"https:\/\/opre.strani.biz\/index.php?rest_route=\/wp\/v2\/media\/2243"}],"wp:attachment":[{"href":"https:\/\/opre.strani.biz\/index.php?rest_route=%2Fwp%2Fv2%2Fmedia&parent=2242"}],"wp:term":[{"taxonomy":"product_brand","embeddable":true,"href":"https:\/\/opre.strani.biz\/index.php?rest_route=%2Fwp%2Fv2%2Fproduct_brand&post=2242"},{"taxonomy":"product_cat","embeddable":true,"href":"https:\/\/opre.strani.biz\/index.php?rest_route=%2Fwp%2Fv2%2Fproduct_cat&post=2242"},{"taxonomy":"product_tag","embeddable":true,"href":"https:\/\/opre.strani.biz\/index.php?rest_route=%2Fwp%2Fv2%2Fproduct_tag&post=2242"}],"curies":[{"name":"wp","href":"https:\/\/api.w.org\/{rel}","templated":true}]}}