{"id":2256,"date":"2025-02-02T14:29:01","date_gmt":"2025-02-02T13:29:01","guid":{"rendered":"https:\/\/opre.strani.biz\/?post_type=product&#038;p=2256"},"modified":"2025-02-02T14:29:02","modified_gmt":"2025-02-02T13:29:02","slug":"naprava-za-polnjenje-klime-topauto-rr500-r1234yf","status":"publish","type":"product","link":"https:\/\/opre.strani.biz\/?product=naprava-za-polnjenje-klime-topauto-rr500-r1234yf","title":{"rendered":"Naprava za polnjenje klime Topauto RR500 R1234YF"},"content":{"rendered":"<p><span style=\"color: #515151;\">AVTOMATSKA POLNILNA POSTAJA A\/C Certificirana in izdelana v Italiji. Znamka TOPAUTO!<\/span><br style=\"color: #515151;\" \/><a style=\"color: #0e8eab !important;\" href=\"http:\/\/www.bolha.com\/bs\/r\/PUJoZUPNTx2kTSSOvcL4xWz4bCSmr-0O_0zWqrOPy7kkUPrMGJjiDRBhVQGA?adId=1293281944&amp;dst=external&amp;source=adDetail&amp;action=toURL&amp;target=external&amp;redirectFrom=http:\/\/www.bolha.com:80\/poslovna-oprema\/avtomehanicna-oprema\/naprava-za-polnjenje-klime-topauto-rr500-r1234yf-1293281944.html?aclct=1399815506&amp;ts=1408612404\" target=\"_blank\" rel=\"external nofollow noopener\">http:\/\/www.topauto-equipment.com\/en\/<\/a><br style=\"color: #515151;\" \/><br style=\"color: #515151;\" \/><span style=\"color: #515151;\">Popolnoma avtomatska <\/span><span style=\"color: #515151;\">A\/C postaja <\/span><span style=\"color: #515151;\">za prevozna sredstva s klimatsko napravo s plinom r134a. Mo\u017enost tudi plina f1234yf.<\/span><br style=\"color: #515151;\" \/><br style=\"color: #515151;\" \/><span style=\"color: #515151;\">Tehni\u010dne lastnosti:<\/span><br style=\"color: #515151;\" \/><span style=\"color: #515151;\">Alfanumeri\u010dni zaslon: Da<\/span><br style=\"color: #515151;\" \/><span style=\"color: #515151;\">Vakumska \u010drpalka: 100lt\/1m<\/span><br style=\"color: #515151;\" \/><span style=\"color: #515151;\">Kapaciteta notranje jeklenke: 22Kg<\/span><br style=\"color: #515151;\" \/><span style=\"color: #515151;\">Gretje: Avtomatsko<\/span><br style=\"color: #515151;\" \/><span style=\"color: #515151;\">Kapaciteta kompresorja: 400gr\/1m<\/span><br style=\"color: #515151;\" \/><br style=\"color: #515151;\" \/><span style=\"color: #515151;\">Avtomatske funkcije, program:<\/span><br style=\"color: #515151;\" \/><span style=\"color: #515151;\">Obnovitev: Avtomatsko<\/span><br style=\"color: #515151;\" \/><span style=\"color: #515151;\">Iz\u010drpavanje olja: Avtomatsko<\/span><br style=\"color: #515151;\" \/><span style=\"color: #515151;\">Programerljiv tlak: Avtomatsko<\/span><br style=\"color: #515151;\" \/><span style=\"color: #515151;\">Programerljiv vakum test: Avtomatsko<\/span><br style=\"color: #515151;\" \/><span style=\"color: #515151;\">Vbrizgavanje olja: Po lestvici<\/span><br style=\"color: #515151;\" \/><span style=\"color: #515151;\">Vbrizgavanje aditiva: Po lestvici<\/span><br style=\"color: #515151;\" \/><span style=\"color: #515151;\">Polnjenje plina: Avtomatsko<\/span><br style=\"color: #515151;\" \/><span style=\"color: #515151;\">Jezik: 18 jezikov<\/span><br style=\"color: #515151;\" \/><span style=\"color: #515151;\">Baza vozil: Da<\/span><br style=\"color: #515151;\" \/><span style=\"color: #515151;\">Program za izpiranje sistema: Da<\/span><br style=\"color: #515151;\" \/><span style=\"color: #515151;\">Recikla\u017ea izpiranje (vw): ro\u010dno<\/span><br style=\"color: #515151;\" \/><span style=\"color: #515151;\">Izbira napajalne cevi: Ro\u010dno, avtomatsko<\/span><br style=\"color: #515151;\" \/><span style=\"color: #515151;\">Program notranje \u010di\u0161\u010denje: Da<\/span><br style=\"color: #515151;\" \/><span style=\"color: #515151;\">Statistika plina in olja: Da<\/span><br style=\"color: #515151;\" \/><span style=\"color: #515151;\">Masa: 80Kg<\/span><\/p>\n","protected":false},"excerpt":{"rendered":"<p>Vrhunska naprava za polnenje avtomobilskih klimatskih naprav znamke Topauto<\/p>\n","protected":false},"featured_media":2257,"comment_status":"open","ping_status":"closed","template":"","meta":[],"product_brand":[92],"product_cat":[57],"product_tag":[103,102,105,104],"class_list":{"0":"post-2256","1":"product","2":"type-product","3":"status-publish","4":"has-post-thumbnail","6":"product_brand-topauto","7":"product_cat-naprave-za-polnenje-klime","8":"product_tag-naprava-za-klimo","9":"product_tag-naprava-za-polnenje-klime","10":"product_tag-naprave-za-servis-in-polnenje-klimatskih-naprav","11":"product_tag-polnenje-klimatkse-naprave","13":"first","14":"instock","15":"taxable","16":"shipping-taxable","17":"purchasable","18":"product-type-simple"},"_links":{"self":[{"href":"https:\/\/opre.strani.biz\/index.php?rest_route=\/wp\/v2\/product\/2256","targetHints":{"allow":["GET"]}}],"collection":[{"href":"https:\/\/opre.strani.biz\/index.php?rest_route=\/wp\/v2\/product"}],"about":[{"href":"https:\/\/opre.strani.biz\/index.php?rest_route=\/wp\/v2\/types\/product"}],"replies":[{"embeddable":true,"href":"https:\/\/opre.strani.biz\/index.php?rest_route=%2Fwp%2Fv2%2Fcomments&post=2256"}],"version-history":[{"count":0,"href":"https:\/\/opre.strani.biz\/index.php?rest_route=\/wp\/v2\/product\/2256\/revisions"}],"wp:featuredmedia":[{"embeddable":true,"href":"https:\/\/opre.strani.biz\/index.php?rest_route=\/wp\/v2\/media\/2257"}],"wp:attachment":[{"href":"https:\/\/opre.strani.biz\/index.php?rest_route=%2Fwp%2Fv2%2Fmedia&parent=2256"}],"wp:term":[{"taxonomy":"product_brand","embeddable":true,"href":"https:\/\/opre.strani.biz\/index.php?rest_route=%2Fwp%2Fv2%2Fproduct_brand&post=2256"},{"taxonomy":"product_cat","embeddable":true,"href":"https:\/\/opre.strani.biz\/index.php?rest_route=%2Fwp%2Fv2%2Fproduct_cat&post=2256"},{"taxonomy":"product_tag","embeddable":true,"href":"https:\/\/opre.strani.biz\/index.php?rest_route=%2Fwp%2Fv2%2Fproduct_tag&post=2256"}],"curies":[{"name":"wp","href":"https:\/\/api.w.org\/{rel}","templated":true}]}}