{"id":2411,"date":"2025-02-02T14:29:23","date_gmt":"2025-02-02T13:29:23","guid":{"rendered":"https:\/\/opre.strani.biz\/?post_type=product&#038;p=2411"},"modified":"2025-09-25T11:18:09","modified_gmt":"2025-09-25T09:18:09","slug":"avtomatski-montirni-stroj-s116-30","status":"publish","type":"product","link":"https:\/\/opre.strani.biz\/?product=avtomatski-montirni-stroj-s116-30","title":{"rendered":"Avtomatski montirni stroj s116.30"},"content":{"rendered":"<p>Avtomatski montirni stroj, leverless<\/p>\n<p>Velikost pnevmatike do 45&#8243;<\/p>\n<p>premer plati\u0161\u010da od 10&#8243; do 30&#8243;<\/p>\n<p>\u0160irina plati\u0161\u010da do 15&#8243;<\/p>\n<p>&nbsp;<\/p>\n<p>http:\/\/www.sirioequipment.com\/it\/prodotti\/smontagomme\/automatici-senza-leva\/s11630<\/p>\n<p><iframe title=\"S116.30   Leverless Tyre changer\" width=\"980\" height=\"735\" src=\"https:\/\/www.youtube.com\/embed\/7LKA3bbHcV4?feature=oembed\" frameborder=\"0\" allow=\"accelerometer; autoplay; clipboard-write; encrypted-media; gyroscope; picture-in-picture; web-share\" referrerpolicy=\"strict-origin-when-cross-origin\" allowfullscreen><\/iframe><\/p>\n","protected":false},"excerpt":{"rendered":"<p>Avtomatski montirni stroj, leverless Velikost pnevmatike do 45&#8243; premer plati\u0161\u010da od 10&#8243; do 30&#8243; \u0160irina plati\u0161\u010da do 15&#8243; &nbsp; http:\/\/www.sirioequipment.com\/it\/prodotti\/smontagomme\/automatici-senza-leva\/s11630<\/p>\n","protected":false},"featured_media":2412,"comment_status":"open","ping_status":"closed","template":"","meta":[],"product_brand":[219],"product_cat":[227,61],"product_tag":[],"class_list":{"0":"post-2411","1":"product","2":"type-product","3":"status-publish","4":"has-post-thumbnail","6":"product_brand-sirio-rav","7":"product_cat-polavtomatske-osebni-program","8":"product_cat-montirka","10":"first","11":"outofstock","12":"sale","13":"taxable","14":"shipping-taxable","15":"purchasable","16":"product-type-simple"},"_links":{"self":[{"href":"https:\/\/opre.strani.biz\/index.php?rest_route=\/wp\/v2\/product\/2411","targetHints":{"allow":["GET"]}}],"collection":[{"href":"https:\/\/opre.strani.biz\/index.php?rest_route=\/wp\/v2\/product"}],"about":[{"href":"https:\/\/opre.strani.biz\/index.php?rest_route=\/wp\/v2\/types\/product"}],"replies":[{"embeddable":true,"href":"https:\/\/opre.strani.biz\/index.php?rest_route=%2Fwp%2Fv2%2Fcomments&post=2411"}],"version-history":[{"count":0,"href":"https:\/\/opre.strani.biz\/index.php?rest_route=\/wp\/v2\/product\/2411\/revisions"}],"wp:featuredmedia":[{"embeddable":true,"href":"https:\/\/opre.strani.biz\/index.php?rest_route=\/wp\/v2\/media\/2412"}],"wp:attachment":[{"href":"https:\/\/opre.strani.biz\/index.php?rest_route=%2Fwp%2Fv2%2Fmedia&parent=2411"}],"wp:term":[{"taxonomy":"product_brand","embeddable":true,"href":"https:\/\/opre.strani.biz\/index.php?rest_route=%2Fwp%2Fv2%2Fproduct_brand&post=2411"},{"taxonomy":"product_cat","embeddable":true,"href":"https:\/\/opre.strani.biz\/index.php?rest_route=%2Fwp%2Fv2%2Fproduct_cat&post=2411"},{"taxonomy":"product_tag","embeddable":true,"href":"https:\/\/opre.strani.biz\/index.php?rest_route=%2Fwp%2Fv2%2Fproduct_tag&post=2411"}],"curies":[{"name":"wp","href":"https:\/\/api.w.org\/{rel}","templated":true}]}}