{"id":2676,"date":"2025-02-02T14:29:28","date_gmt":"2025-02-02T13:29:28","guid":{"rendered":"https:\/\/opre.strani.biz\/?post_type=product&#038;p=2676"},"modified":"2026-02-17T11:13:21","modified_gmt":"2026-02-17T10:13:21","slug":"sirion-pro-s-air-plus-centrirni-stroj","status":"publish","type":"product","link":"https:\/\/opre.strani.biz\/?product=sirion-pro-s-air-plus-centrirni-stroj","title":{"rendered":"SIRION PRO S AIR PLUS CENTRIRNI STROJ"},"content":{"rendered":"<p>Centrirni stroj siron pro s plus air priznanega proizvajalca Messmatic.<\/p>\n<p>-24&#8243; pal\u010dni monitor z ekranom na dotik<br \/>\n-pnevmatsko vpetje<br \/>\n-laser, ki poka\u017ee lokacijo ute\u017ei<br \/>\n-led lu\u010d<br \/>\n-avtomatska zaustavitev na to\u010dki ute\u017ei<br \/>\n-pnevmatska zati\u010dna zavora<br \/>\n-program skrivanja ute\u017ei<br \/>\n-avtomatski vnos \u0161irine plati\u0161\u010da s pomo\u010djo sonarja<br \/>\n-avtomatski vnos oddaljenosti in premera s pomo\u010djo tipala<\/p>\n<p>Izredno enostaven meni za izbiro in delovanje.<\/p>\n<p>Ve\u010d na spodnjem posnetku:<br \/>\nhttps:\/\/www.youtube.com\/watch?v=iLYO9H0UypU<\/p>\n","protected":false},"excerpt":{"rendered":"<p>avtomatski centrirni stroj messmatic<\/p>\n","protected":false},"featured_media":2677,"comment_status":"open","ping_status":"closed","template":"","meta":[],"product_brand":[],"product_cat":[60],"product_tag":[],"class_list":{"0":"post-2676","1":"product","2":"type-product","3":"status-publish","4":"has-post-thumbnail","6":"product_cat-centrirka","8":"first","9":"instock","10":"sale","11":"featured","12":"purchasable","13":"product-type-simple"},"_links":{"self":[{"href":"https:\/\/opre.strani.biz\/index.php?rest_route=\/wp\/v2\/product\/2676","targetHints":{"allow":["GET"]}}],"collection":[{"href":"https:\/\/opre.strani.biz\/index.php?rest_route=\/wp\/v2\/product"}],"about":[{"href":"https:\/\/opre.strani.biz\/index.php?rest_route=\/wp\/v2\/types\/product"}],"replies":[{"embeddable":true,"href":"https:\/\/opre.strani.biz\/index.php?rest_route=%2Fwp%2Fv2%2Fcomments&post=2676"}],"version-history":[{"count":0,"href":"https:\/\/opre.strani.biz\/index.php?rest_route=\/wp\/v2\/product\/2676\/revisions"}],"wp:featuredmedia":[{"embeddable":true,"href":"https:\/\/opre.strani.biz\/index.php?rest_route=\/wp\/v2\/media\/2677"}],"wp:attachment":[{"href":"https:\/\/opre.strani.biz\/index.php?rest_route=%2Fwp%2Fv2%2Fmedia&parent=2676"}],"wp:term":[{"taxonomy":"product_brand","embeddable":true,"href":"https:\/\/opre.strani.biz\/index.php?rest_route=%2Fwp%2Fv2%2Fproduct_brand&post=2676"},{"taxonomy":"product_cat","embeddable":true,"href":"https:\/\/opre.strani.biz\/index.php?rest_route=%2Fwp%2Fv2%2Fproduct_cat&post=2676"},{"taxonomy":"product_tag","embeddable":true,"href":"https:\/\/opre.strani.biz\/index.php?rest_route=%2Fwp%2Fv2%2Fproduct_tag&post=2676"}],"curies":[{"name":"wp","href":"https:\/\/api.w.org\/{rel}","templated":true}]}}