{"id":2732,"date":"2025-02-02T14:29:34","date_gmt":"2025-02-02T13:29:34","guid":{"rendered":"https:\/\/opre.strani.biz\/?post_type=product&#038;p=2732"},"modified":"2026-02-17T11:10:20","modified_gmt":"2026-02-17T10:10:20","slug":"dvosteberno-elektromehansko-dvigalo-z51","status":"publish","type":"product","link":"https:\/\/opre.strani.biz\/?product=dvosteberno-elektromehansko-dvigalo-z51","title":{"rendered":"DVOSTEBERNO ELEKTROMEHANSKO DVIGALO Z51"},"content":{"rendered":"<p>Dvosteberno dvigalo Z51 italijanskega proizvajalca Zavagli Santi je vrhunsko profesionalno elektromehansko dvigalo z nosilnostjo 3.5 tone, zasnovano za zahtevne delavni\u0161ke pogoje. To dvosteberno dvigalo zdru\u017euje italijansko kakovost izdelave z robustno konstrukcijo in naprednim elektromehanski sistemom.<\/p>\n<p>Tehni\u010dne zna\u010dilnosti:<\/p>\n<p>Dvosteberno dvigalo Z51 je opremljeno z naprednim elektromehanski sistemom, ki vklju\u010duje kardanski prenos, vreteno in matico. Ta sistem zagotavlja gladko, natan\u010dno in zanesljivo dvigovanje vozila do maksimalne no\u0161nje 3.5 tone. Elektromehansko delovanje omogo\u010da tiho in u\u010dinkovito delo brez potrebe po hidravli\u010dnih komponentah.<\/p>\n<p>Prednosti elektromehanske tehnologije:<\/p>\n<p>Elektromehansko dvigalo Z51 ponuja vrsto prednosti pred tradicionalnimi hidravli\u010dnimi sistemi. Kardan skupaj z vretenom in matico zagotavlja izjemno precizen nadzor nad dviganjem in spu\u0161\u010danjem vozila. Ta konfiguracija je posebej primerna za profesionalne servise, kjer je potrebna visoka natan\u010dnost pri postavitvi vozila.<\/p>\n<p>Enostavno vzdr\u017eevanje:<\/p>\n<p>Ena izmed klju\u010dnih prednosti dvostebernega dvigala Z51 je izredno enostavno in ugodno vzdr\u017eevanje. Elektromehansko delovanje pomeni manj komponent, ki bi se lahko obrabile ali pokvarile. Brez hidravli\u010dnega olja in tesnilcev se izognete stalnim stro\u0161kom vzdr\u017eevanja in mo\u017enosti upu\u0161\u010danja olja.<\/p>\n<p>Varnostne lastnosti:<\/p>\n<p>Dvosteberno dvigalo Z51 vklju\u010duje vse potrebne varnostne mehanizme za za\u0161\u010dito vozila in operaterja. Mehansko sidranje zagotavlja, da vozilo ostane varno na dolo\u010deni vi\u0161ini tudi v primeru izpada elektrike. Simetri\u010dno dvosteberno konstrukcija zagotavlja stabilnost in prepre\u010duje kakr\u0161nokoli neravnote\u017eje.<\/p>\n<p>Idealno za:<\/p>\n<p>&#8211; Avtomehani\u010dne delavnice<br \/>\n&#8211; Avtoservise<br \/>\n&#8211; Poobla\u0161\u010dene servise<br \/>\n&#8211; Vulkanizerje<br \/>\n&#8211; Gar\u017e\u017ene komplekse<br \/>\n&#8211; Specialne delavnice za osebna vozila<\/p>\n<p>Namestitev in prostorske zahteve:<\/p>\n<p>Dvosteberno dvigalo Z51 ima optimizirane dimenzije za ve\u010dino delavni\u0161kih prostorov. Dvosteberna konstrukcija omogo\u010da enostaven dostop do vozila z vseh strani, kar pove\u010duje produktivnost serviserjev. Namestitev je relativno enostavna in zahteva minimalne prilagoditve obstoje\u010de infrastrukture.<\/p>\n<p>&nbsp;<\/p>\n<p>Najo dodatno informacijo:<\/p>\n<p>Za podrobnej\u0161e tehni\u010dne specifikacije, cenovno ponudbo ali ogled dvostebernega dvigala Z51 nas kontaktirajte. Na\u0161i strokovnjaki vam bodo z veseljem pomagali izbrati najprimernej\u0161o re\u0161itev za va\u0161o delavnico.<\/p>\n<p>Ve\u010d informacij o izdelku najdete na: http:\/\/www.zavaglisanti.com\/z513slb\/<\/p>\n<p>Investicija v dvosteberno dvigalo Z51 je investicija v dolgoro\u010dno zanesljivost, varnost in u\u010dinkovitost va\u0161e delavnice.<\/p>\n","protected":false},"excerpt":{"rendered":"<p>3.5T POVEZAVA SPODAJ<\/p>\n","protected":false},"featured_media":2734,"comment_status":"open","ping_status":"closed","template":"","meta":[],"product_brand":[],"product_cat":[52,55],"product_tag":[],"class_list":{"0":"post-2732","1":"product","2":"type-product","3":"status-publish","4":"has-post-thumbnail","6":"product_cat-dvigala","7":"product_cat-dvostebrna-dvigala","9":"first","10":"instock","11":"purchasable","12":"product-type-simple"},"_links":{"self":[{"href":"https:\/\/opre.strani.biz\/index.php?rest_route=\/wp\/v2\/product\/2732","targetHints":{"allow":["GET"]}}],"collection":[{"href":"https:\/\/opre.strani.biz\/index.php?rest_route=\/wp\/v2\/product"}],"about":[{"href":"https:\/\/opre.strani.biz\/index.php?rest_route=\/wp\/v2\/types\/product"}],"replies":[{"embeddable":true,"href":"https:\/\/opre.strani.biz\/index.php?rest_route=%2Fwp%2Fv2%2Fcomments&post=2732"}],"version-history":[{"count":3,"href":"https:\/\/opre.strani.biz\/index.php?rest_route=\/wp\/v2\/product\/2732\/revisions"}],"predecessor-version":[{"id":16512,"href":"https:\/\/opre.strani.biz\/index.php?rest_route=\/wp\/v2\/product\/2732\/revisions\/16512"}],"wp:featuredmedia":[{"embeddable":true,"href":"https:\/\/opre.strani.biz\/index.php?rest_route=\/wp\/v2\/media\/2734"}],"wp:attachment":[{"href":"https:\/\/opre.strani.biz\/index.php?rest_route=%2Fwp%2Fv2%2Fmedia&parent=2732"}],"wp:term":[{"taxonomy":"product_brand","embeddable":true,"href":"https:\/\/opre.strani.biz\/index.php?rest_route=%2Fwp%2Fv2%2Fproduct_brand&post=2732"},{"taxonomy":"product_cat","embeddable":true,"href":"https:\/\/opre.strani.biz\/index.php?rest_route=%2Fwp%2Fv2%2Fproduct_cat&post=2732"},{"taxonomy":"product_tag","embeddable":true,"href":"https:\/\/opre.strani.biz\/index.php?rest_route=%2Fwp%2Fv2%2Fproduct_tag&post=2732"}],"curies":[{"name":"wp","href":"https:\/\/api.w.org\/{rel}","templated":true}]}}